{"id":157605,"date":"2025-06-13T15:32:08","date_gmt":"2025-06-13T15:32:08","guid":{"rendered":"https:\/\/visionnx.com\/privacy-policy\/"},"modified":"2025-08-27T17:58:53","modified_gmt":"2025-08-27T17:58:53","slug":"privacy-policy","status":"publish","type":"page","link":"https:\/\/visionnx.com\/en\/privacy-policy\/","title":{"rendered":"Privacy Policy"},"content":{"rendered":"\r\n<h2 class=\"wp-block-heading\">Terms and Conditions<\/h2>\r\n<p>La politique de confidentialit\u00e9 des donn\u00e9es s\u2019applique au contenu divulgu\u00e9 sur les pages du site web Colibrity. Nous nous engageons d\u2019assurer la protection de vos donn\u00e9es personnelles et de pr\u00e9server leur confidentialit\u00e9.<\/p>\r\n<p>Les r\u00e8gles de confidentialit\u00e9 et de protection des donn\u00e9es personnelles ci-dessous peuvent \u00eatre modifi\u00e9es et compl\u00e9t\u00e9es si n\u00e9cessaire et propres \u00e0 certaines rubriques du site web.<\/p>\r\n<h2 class=\"wp-block-heading\">Personal Data<\/h2>\r\n<p>Pour l\u2019utilisation de ce site web en tant que visiteurs, vous ne fournissez pas de donn\u00e9es personnelles.<\/p>\r\n<p>Pour le formulaire de contact de ce site web, l\u2019utilisateur a fourni volontairement au pr\u00e9alable les donn\u00e9es d\u2019identification. Les renseignements personnels fournis sont le pr\u00e9nom, nom, l\u2019ann\u00e9e de naissance, l\u2019adresse professionnelle, le num\u00e9ro de t\u00e9l\u00e9phone, le nom de l\u2019entreprise, le poste occup\u00e9 actuellement, l\u2019adresse de l\u2019entreprise. Il peut \u00e9galement inclure d\u2019autres identificateurs moins \u00e9vidents, tels que votre adresse IP et vos donn\u00e9es de cookie.<\/p>\r\n<p>En tout \u00e9tat de cause, les donn\u00e9es personnelles que nous collectons aupr\u00e8s de vous, vous seront pr\u00e9sent\u00e9es \u00e0 mesure que vous remplirez le formulaire correspondant, car nous ne collecterons seulement les donn\u00e9es personnelles que vous nous soumettez et qui sont sp\u00e9cifiquement demand\u00e9es.<\/p>\r\n<p>Dans certaines circonstances, certains champs de donn\u00e9es seront marqu\u00e9s d\u2019un ast\u00e9risque (*), cela signifie que nous exigeons que ces donn\u00e9es personnelles soient obligatoirement fournies. Pour celles qui ne sont pas marqu\u00e9es d\u2019un ast\u00e9risque, nous n\u2019avons pas besoin de ces donn\u00e9es personnelles, mais si vous nous les envoyez, nous les collecterons automatiquement.<\/p>\r\n<p>Nous pouvons divulguer les informations personnelles aux autorit\u00e9s judiciaires, organes de contr\u00f4le r\u00e9glementaires ou \u00e0 d\u2019autres prestataires l\u00e9gaux sur r\u00e9serve du respect des donn\u00e9es ainsi que des r\u00e8gles d\u2019habilitation.<\/p>\r\n<h2 class=\"wp-block-heading\">Cookies<\/h2>\r\n<p>Lors de votre enregistrement nous pouvons collecter les donn\u00e9es personnelles des r\u00e9seaux sociaux comme LinkedIn, Facebook et Instagram. Nous nous r\u00e9servons le droit de collecter des donn\u00e9es personnelles ayant fait l\u2019objet d\u2019une autorisation de partage sur ces r\u00e9seaux sociaux (adresse mail, date de naissance, nom, pr\u00e9nom, image de profil). Nous vous recommandons de lire les politiques de confidentialit\u00e9 et de protection des donn\u00e9es personnelles propres \u00e0 ces sites.<\/p>\r\n<p>Ainsi, nous pouvons enregistrer et conserver le contenu que nos visiteurs nous fournissent sur tous les r\u00e9seaux sociaux, blogs, forums, wikis, sites web, y compris les photographies, messages, et commentaires.<\/p>\r\n<p>Nous ne recueillons pas de donn\u00e9es personnelles sensibles comme la sant\u00e9 mentale ou physique, le casier judiciaire, les croyances religieuses, l\u2019origine ethnique, la race, les opinions de quelque nature que ce soit. Les donn\u00e9es fournies \u00e0 cet \u00e9gard par les bo\u00eetes de dialogue seront automatiquement effac\u00e9es.<\/p>\r\n<p>Colibrity reconna\u00eet l\u2019importance de la protection de la confidentialit\u00e9 et des donn\u00e9es personnelles ainsi seront automatiquement effac\u00e9es, les donn\u00e9es personnelles de toute personne \u00e2g\u00e9e de 18 ans ou moins.<\/p>\r\n<p>Notre site Colibrity.com peut contenir des liens vers d\u2019autres sites Web, mais veuillez noter que ces sites Web ne sont pas couverts par cette d\u00e9claration de confidentialit\u00e9. Si vous visitez d\u2019autres sites Web, les propri\u00e9taires de ces sites Web peuvent collecter et utiliser vos donn\u00e9es personnelles.<\/p>\r\n<h2 class=\"wp-block-heading\">Legitimate Interest<\/h2>\r\n<p>A certaines occasions, nous pouvons utiliser vos donn\u00e9es personnelles parce que vous avez consenti \u00e0 le faire, dans les contextes suivants :<\/p>\r\n<p>Pour vous fournir certains supports, comme une newsletter ou un rapport,<\/p>\r\n<p>Nous pouvons partager vos donn\u00e9es personnelles avec un tiers pour qu\u2019il vous envoie des \u00e9l\u00e9ments marketing par exemple.<\/p>\r\n<p>Chaque fois que vous nous donnez votre consentement, nous utiliserons vos donn\u00e9es personnelles uniquement dans le but que nous vous avons sp\u00e9cifi\u00e9.<\/p>\r\n<p>Vous avez toujours la possibilit\u00e9 de retirer votre consentement \u00e0 tout moment. Pour ce faire, veuillez nous contacter par courrier, e-mail ou par t\u00e9l\u00e9phone, comme indiqu\u00e9 ci-dessus, ou, le cas \u00e9ch\u00e9ant, suivez les instructions de d\u00e9sabonnement contenues dans nos supports de communication (en cliquant sur le lien de d\u00e9sabonnement).<\/p>\r\n<p><a href=\"mailto:contact@visionnx.com\">contact@visionnx.com<\/a><\/p>\r\n<p>Colibrity peut utiliser vos donn\u00e9es personnelles comme indiqu\u00e9 ci\u2013dessous, dans votre int\u00e9r\u00eat l\u00e9gitime<\/p>\r\n<p>Pour r\u00e9pondre \u00e0 la correspondance que vous nous envoyez et pour r\u00e9pondre aux demandes que vous nous faites ;<\/p>\r\n<p>Pour analyser, \u00e9valuer et am\u00e9liorer les produits et services que nous vous proposons ;<\/p>\r\n<p>Pour effectuer des recherches et des analyses sur nos produits et services (via des sondages aupr\u00e8s des clients par exemple), de sorte \u00e0 ce que nous puissions mieux comprendre notre business et vos besoins ;<\/p>\r\n<p>Nous sommes engag\u00e9s avec vous dans le cadre de nos activit\u00e9s, en tant que client, fournisseur, partenaire r\u00e9el ou potentiel, en l\u2019absence d\u2019une relation contractuelle ou d\u2019une obligation ;<\/p>\r\n<p>Pour vous contacter avec des informations pertinentes apr\u00e8s que nous vous ayons fourni un service, ou que vous ayez assist\u00e9 \u00e0 l\u2019un de nos \u00e9v\u00e9nements. Nous ne vous contacterons que pour nos propres services ou pour les \u00e9v\u00e9nements auxquels nous participons ;<\/p>\r\n<p>Pour vous contacter occasionnellement \u00e0 des fins commerciales si nous avons obtenu vos coordonn\u00e9es professionnelles par nous-m\u00eames, par l\u2019interm\u00e9diaire de notre r\u00e9seau commercial, aupr\u00e8s d\u2019un service public, parce que vous vous \u00eates inscrit \u00e0 l\u2019une de nos listes de diffusion, ou que vous avez t\u00e9l\u00e9charg\u00e9 un de nos rapports ;<\/p>\r\n<p>Pour vous informer des mises \u00e0 jour de nos termes et conditions de politiques ;<\/p>\r\n<p>Pour vous tenir au courant des postes que nous avons \u00e0 pourvoir ;<\/p>\r\n<p>Pour nous prot\u00e9ger, prot\u00e9ger notre site Web et nos syst\u00e8mes informatiques contre tout dommage ;<\/p>\r\n<p>Dans tous les cas, vous avez toujours le droit de vous y opposer en consid\u00e9rant vos donn\u00e9es personnelles comme des int\u00e9r\u00eats l\u00e9gitimes.<\/p>\r\n<p>Pour ce faire, veuillez nous contacter par courrier, email ou t\u00e9l\u00e9phone, comme indiqu\u00e9 ci-dessus. Dans le cas o\u00f9 vous vous opposeriez \u00e0 l\u2019utilisation de vos donn\u00e9es personnelles comme ci-dessus, nous consid\u00e9rerons cette demande et nous vous communiquerons notre d\u00e9cision.<\/p>\r\n<p>Dans certaines circonstances, nous pouvons refuser d\u2019arr\u00eater d\u2019utiliser vos donn\u00e9es personnelles, nous vous expliquerons alors pourquoi et vous aurez toujours le droit de contester notre d\u00e9cision. Quoiqu\u2019il en soit, nous arr\u00eaterons toujours d\u2019utiliser vos donn\u00e9es personnelles \u00e0 des fins marketing d\u00e8s lors que vous vous y \u00eates oppos\u00e9.<\/p>\r\n","protected":false},"excerpt":{"rendered":"<p>Terms and Conditions La politique de confidentialit\u00e9 des donn\u00e9es s\u2019applique au contenu divulgu\u00e9 sur les pages du site web Colibrity. [&hellip;]<\/p>\n","protected":false},"author":1,"featured_media":157238,"parent":0,"menu_order":0,"comment_status":"closed","ping_status":"open","template":"","meta":{"footnotes":""},"class_list":["post-157605","page","type-page","status-publish","has-post-thumbnail","hentry"],"yoast_head":"<!-- This site is optimized with the Yoast SEO plugin v27.4 - https:\/\/yoast.com\/product\/yoast-seo-wordpress\/ -->\n<title>Privacy Policy - Vision Next<\/title>\n<meta name=\"robots\" content=\"index, follow, max-snippet:-1, max-image-preview:large, max-video-preview:-1\" \/>\n<link rel=\"canonical\" href=\"https:\/\/visionnx.com\/en\/privacy-policy\/\" \/>\n<meta property=\"og:locale\" content=\"en_US\" \/>\n<meta property=\"og:type\" content=\"article\" \/>\n<meta property=\"og:title\" content=\"Privacy Policy - Vision Next\" \/>\n<meta property=\"og:description\" content=\"Terms and Conditions La politique de confidentialit\u00e9 des donn\u00e9es s\u2019applique au contenu divulgu\u00e9 sur les pages du site web Colibrity. [&hellip;]\" \/>\n<meta property=\"og:url\" content=\"https:\/\/visionnx.com\/en\/privacy-policy\/\" \/>\n<meta property=\"og:site_name\" content=\"Vision Next\" \/>\n<meta property=\"article:modified_time\" content=\"2025-08-27T17:58:53+00:00\" \/>\n<meta property=\"og:image\" content=\"https:\/\/visionnx.com\/wp-content\/uploads\/2025\/07\/vision_next_bannier-scaled.jpg\" \/>\n\t<meta property=\"og:image:width\" content=\"2560\" \/>\n\t<meta property=\"og:image:height\" content=\"1440\" \/>\n\t<meta property=\"og:image:type\" content=\"image\/jpeg\" \/>\n<meta name=\"twitter:card\" content=\"summary_large_image\" \/>\n<meta name=\"twitter:label1\" content=\"Est. reading time\" \/>\n\t<meta name=\"twitter:data1\" content=\"6 minutes\" \/>\n<script type=\"application\/ld+json\" class=\"yoast-schema-graph\">{\"@context\":\"https:\\\/\\\/schema.org\",\"@graph\":[{\"@type\":\"WebPage\",\"@id\":\"https:\\\/\\\/visionnx.com\\\/en\\\/privacy-policy\\\/\",\"url\":\"https:\\\/\\\/visionnx.com\\\/en\\\/privacy-policy\\\/\",\"name\":\"Privacy Policy - Vision Next\",\"isPartOf\":{\"@id\":\"https:\\\/\\\/visionnx.com\\\/en\\\/#website\"},\"primaryImageOfPage\":{\"@id\":\"https:\\\/\\\/visionnx.com\\\/en\\\/privacy-policy\\\/#primaryimage\"},\"image\":{\"@id\":\"https:\\\/\\\/visionnx.com\\\/en\\\/privacy-policy\\\/#primaryimage\"},\"thumbnailUrl\":\"https:\\\/\\\/visionnx.com\\\/wp-content\\\/uploads\\\/2025\\\/07\\\/vision_next_bannier-scaled.jpg\",\"datePublished\":\"2025-06-13T15:32:08+00:00\",\"dateModified\":\"2025-08-27T17:58:53+00:00\",\"breadcrumb\":{\"@id\":\"https:\\\/\\\/visionnx.com\\\/en\\\/privacy-policy\\\/#breadcrumb\"},\"inLanguage\":\"en-US\",\"potentialAction\":[{\"@type\":\"ReadAction\",\"target\":[\"https:\\\/\\\/visionnx.com\\\/en\\\/privacy-policy\\\/\"]}]},{\"@type\":\"ImageObject\",\"inLanguage\":\"en-US\",\"@id\":\"https:\\\/\\\/visionnx.com\\\/en\\\/privacy-policy\\\/#primaryimage\",\"url\":\"https:\\\/\\\/visionnx.com\\\/wp-content\\\/uploads\\\/2025\\\/07\\\/vision_next_bannier-scaled.jpg\",\"contentUrl\":\"https:\\\/\\\/visionnx.com\\\/wp-content\\\/uploads\\\/2025\\\/07\\\/vision_next_bannier-scaled.jpg\",\"width\":2560,\"height\":1440},{\"@type\":\"BreadcrumbList\",\"@id\":\"https:\\\/\\\/visionnx.com\\\/en\\\/privacy-policy\\\/#breadcrumb\",\"itemListElement\":[{\"@type\":\"ListItem\",\"position\":1,\"name\":\"Accueil\",\"item\":\"https:\\\/\\\/visionnx.com\\\/en\\\/home-page\\\/\"},{\"@type\":\"ListItem\",\"position\":2,\"name\":\"Privacy Policy\"}]},{\"@type\":\"WebSite\",\"@id\":\"https:\\\/\\\/visionnx.com\\\/en\\\/#website\",\"url\":\"https:\\\/\\\/visionnx.com\\\/en\\\/\",\"name\":\"Vision Next\",\"description\":\"Boostez vos performances avec l\u2019automatisation et l\u2019IA\",\"potentialAction\":[{\"@type\":\"SearchAction\",\"target\":{\"@type\":\"EntryPoint\",\"urlTemplate\":\"https:\\\/\\\/visionnx.com\\\/en\\\/?s={search_term_string}\"},\"query-input\":{\"@type\":\"PropertyValueSpecification\",\"valueRequired\":true,\"valueName\":\"search_term_string\"}}],\"inLanguage\":\"en-US\"}]}<\/script>\n<!-- \/ Yoast SEO plugin. -->","yoast_head_json":{"title":"Privacy Policy - Vision Next","robots":{"index":"index","follow":"follow","max-snippet":"max-snippet:-1","max-image-preview":"max-image-preview:large","max-video-preview":"max-video-preview:-1"},"canonical":"https:\/\/visionnx.com\/en\/privacy-policy\/","og_locale":"en_US","og_type":"article","og_title":"Privacy Policy - Vision Next","og_description":"Terms and Conditions La politique de confidentialit\u00e9 des donn\u00e9es s\u2019applique au contenu divulgu\u00e9 sur les pages du site web Colibrity. [&hellip;]","og_url":"https:\/\/visionnx.com\/en\/privacy-policy\/","og_site_name":"Vision Next","article_modified_time":"2025-08-27T17:58:53+00:00","og_image":[{"width":2560,"height":1440,"url":"https:\/\/visionnx.com\/wp-content\/uploads\/2025\/07\/vision_next_bannier-scaled.jpg","type":"image\/jpeg"}],"twitter_card":"summary_large_image","twitter_misc":{"Est. reading time":"6 minutes"},"schema":{"@context":"https:\/\/schema.org","@graph":[{"@type":"WebPage","@id":"https:\/\/visionnx.com\/en\/privacy-policy\/","url":"https:\/\/visionnx.com\/en\/privacy-policy\/","name":"Privacy Policy - Vision Next","isPartOf":{"@id":"https:\/\/visionnx.com\/en\/#website"},"primaryImageOfPage":{"@id":"https:\/\/visionnx.com\/en\/privacy-policy\/#primaryimage"},"image":{"@id":"https:\/\/visionnx.com\/en\/privacy-policy\/#primaryimage"},"thumbnailUrl":"https:\/\/visionnx.com\/wp-content\/uploads\/2025\/07\/vision_next_bannier-scaled.jpg","datePublished":"2025-06-13T15:32:08+00:00","dateModified":"2025-08-27T17:58:53+00:00","breadcrumb":{"@id":"https:\/\/visionnx.com\/en\/privacy-policy\/#breadcrumb"},"inLanguage":"en-US","potentialAction":[{"@type":"ReadAction","target":["https:\/\/visionnx.com\/en\/privacy-policy\/"]}]},{"@type":"ImageObject","inLanguage":"en-US","@id":"https:\/\/visionnx.com\/en\/privacy-policy\/#primaryimage","url":"https:\/\/visionnx.com\/wp-content\/uploads\/2025\/07\/vision_next_bannier-scaled.jpg","contentUrl":"https:\/\/visionnx.com\/wp-content\/uploads\/2025\/07\/vision_next_bannier-scaled.jpg","width":2560,"height":1440},{"@type":"BreadcrumbList","@id":"https:\/\/visionnx.com\/en\/privacy-policy\/#breadcrumb","itemListElement":[{"@type":"ListItem","position":1,"name":"Accueil","item":"https:\/\/visionnx.com\/en\/home-page\/"},{"@type":"ListItem","position":2,"name":"Privacy Policy"}]},{"@type":"WebSite","@id":"https:\/\/visionnx.com\/en\/#website","url":"https:\/\/visionnx.com\/en\/","name":"Vision Next","description":"Boostez vos performances avec l\u2019automatisation et l\u2019IA","potentialAction":[{"@type":"SearchAction","target":{"@type":"EntryPoint","urlTemplate":"https:\/\/visionnx.com\/en\/?s={search_term_string}"},"query-input":{"@type":"PropertyValueSpecification","valueRequired":true,"valueName":"search_term_string"}}],"inLanguage":"en-US"}]}},"_links":{"self":[{"href":"https:\/\/visionnx.com\/en\/wp-json\/wp\/v2\/pages\/157605","targetHints":{"allow":["GET"]}}],"collection":[{"href":"https:\/\/visionnx.com\/en\/wp-json\/wp\/v2\/pages"}],"about":[{"href":"https:\/\/visionnx.com\/en\/wp-json\/wp\/v2\/types\/page"}],"author":[{"embeddable":true,"href":"https:\/\/visionnx.com\/en\/wp-json\/wp\/v2\/users\/1"}],"replies":[{"embeddable":true,"href":"https:\/\/visionnx.com\/en\/wp-json\/wp\/v2\/comments?post=157605"}],"version-history":[{"count":3,"href":"https:\/\/visionnx.com\/en\/wp-json\/wp\/v2\/pages\/157605\/revisions"}],"predecessor-version":[{"id":157719,"href":"https:\/\/visionnx.com\/en\/wp-json\/wp\/v2\/pages\/157605\/revisions\/157719"}],"wp:featuredmedia":[{"embeddable":true,"href":"https:\/\/visionnx.com\/en\/wp-json\/wp\/v2\/media\/157238"}],"wp:attachment":[{"href":"https:\/\/visionnx.com\/en\/wp-json\/wp\/v2\/media?parent=157605"}],"curies":[{"name":"wp","href":"https:\/\/api.w.org\/{rel}","templated":true}]}}